{"id":1631,"date":"2024-10-21T12:56:10","date_gmt":"2024-10-21T10:56:10","guid":{"rendered":"https:\/\/novosquare.staging.introweb.hu\/rendezvenyhelyszin\/"},"modified":"2025-02-27T14:36:35","modified_gmt":"2025-02-27T13:36:35","slug":"rendezvenyhelyszin","status":"publish","type":"page","link":"https:\/\/novosquare.staging.introweb.hu\/en\/rendezvenyhelyszin\/","title":{"rendered":"Event Venues \/ Locations"},"content":{"rendered":"<p><div class=\"fusion-fullwidth fullwidth-box fusion-builder-row-1 fusion-flex-container has-pattern-background has-mask-background section-seo nonhundred-percent-fullwidth non-hundred-percent-height-scrolling\" style=\"--awb-border-radius-top-left:0px;--awb-border-radius-top-right:0px;--awb-border-radius-bottom-right:0px;--awb-border-radius-bottom-left:0px;\" ><div class=\"fusion-builder-row fusion-row fusion-flex-align-items-flex-start\" style=\"max-width:1456px;margin-left: calc(-4% \/ 2 );margin-right: calc(-4% \/ 2 );\"><div class=\"fusion-layout-column fusion_builder_column fusion-builder-column-0 fusion_builder_column_1_1 1_1 fusion-flex-column\" style=\"--awb-bg-size:cover;--awb-width-large:100%;--awb-margin-top-large:0px;--awb-spacing-right-large:1.92%;--awb-margin-bottom-large:20px;--awb-spacing-left-large:1.92%;--awb-width-medium:100%;--awb-order-medium:0;--awb-spacing-right-medium:1.92%;--awb-spacing-left-medium:1.92%;--awb-width-small:100%;--awb-order-small:0;--awb-spacing-right-small:1.92%;--awb-spacing-left-small:1.92%;\"><div class=\"fusion-column-wrapper fusion-column-has-shadow fusion-flex-justify-content-flex-start fusion-content-layout-column\"><div class=\"fusion-title title fusion-title-1 fusion-sep-none fusion-title-text fusion-title-size-one\"><h1 class=\"title-heading-left\" style=\"margin:0;\">Rendezv\u00e9nyhelysz\u00edn Szegeden<\/h1><\/div><div class=\"fusion-title title fusion-title-2 fusion-sep-none fusion-title-text fusion-title-size-two\"><h2 class=\"title-heading-left\" style=\"margin:0;\">Esk\u00fcv\u0151 helysz\u00edn<\/h2><\/div><\/div><\/div><\/div><\/div><div class=\"fusion-fullwidth fullwidth-box fusion-builder-row-2 fusion-flex-container has-pattern-background has-mask-background nonhundred-percent-fullwidth non-hundred-percent-height-scrolling\" style=\"--awb-border-radius-top-left:0px;--awb-border-radius-top-right:0px;--awb-border-radius-bottom-right:0px;--awb-border-radius-bottom-left:0px;--awb-padding-top:9.5rem;--awb-padding-top-medium:14.5rem;--awb-background-color:var(--awb-color4);\" ><div class=\"fusion-builder-row fusion-row fusion-flex-align-items-flex-start\" style=\"max-width:1456px;margin-left: calc(-4% \/ 2 );margin-right: calc(-4% \/ 2 );\"><div class=\"fusion-layout-column fusion_builder_column fusion-builder-column-1 fusion_builder_column_1_1 1_1 fusion-flex-column\" style=\"--awb-padding-top:2rem;--awb-padding-bottom:2rem;--awb-bg-size:cover;--awb-width-large:100%;--awb-margin-top-large:0px;--awb-spacing-right-large:1.92%;--awb-margin-bottom-large:0px;--awb-spacing-left-large:1.92%;--awb-width-medium:100%;--awb-order-medium:0;--awb-spacing-right-medium:1.92%;--awb-spacing-left-medium:1.92%;--awb-width-small:100%;--awb-order-small:0;--awb-spacing-right-small:1.92%;--awb-spacing-left-small:1.92%;\" data-motion-effects=\"[{&quot;type&quot;:&quot;&quot;,&quot;scroll_type&quot;:&quot;transition&quot;,&quot;scroll_direction&quot;:&quot;up&quot;,&quot;transition_speed&quot;:&quot;1&quot;,&quot;fade_type&quot;:&quot;in&quot;,&quot;scale_type&quot;:&quot;up&quot;,&quot;initial_scale&quot;:&quot;1&quot;,&quot;max_scale&quot;:&quot;1.5&quot;,&quot;min_scale&quot;:&quot;0.5&quot;,&quot;initial_rotate&quot;:&quot;0&quot;,&quot;end_rotate&quot;:&quot;30&quot;,&quot;initial_blur&quot;:&quot;0&quot;,&quot;end_blur&quot;:&quot;3&quot;,&quot;start_element&quot;:&quot;top&quot;,&quot;start_viewport&quot;:&quot;bottom&quot;,&quot;end_element&quot;:&quot;bottom&quot;,&quot;end_viewport&quot;:&quot;top&quot;,&quot;mouse_effect&quot;:&quot;track&quot;,&quot;mouse_effect_direction&quot;:&quot;opposite&quot;,&quot;mouse_effect_speed&quot;:&quot;2&quot;,&quot;infinite_animation&quot;:&quot;float&quot;,&quot;infinite_animation_speed&quot;:&quot;2&quot;}]\" data-scroll-devices=\"small-visibility,medium-visibility,large-visibility\"><div class=\"fusion-column-wrapper fusion-column-has-shadow fusion-flex-justify-content-flex-start fusion-content-layout-column\"><div class=\"fusion-title title fusion-title-3 fusion-sep-none fusion-title-center fusion-title-text fusion-title-size-three\" style=\"--awb-text-color:var(--awb-color1);\"><h3 class=\"title-heading-center\" style=\"margin:0;\">Event Venues \/ Locations<\/h3><\/div><div class=\"fusion-separator\" style=\"align-self: center;margin-left: auto;margin-right: auto;width:100%;max-width:60px;\"><div class=\"fusion-separator-border sep-single sep-solid\" style=\"--awb-height:20px;--awb-amount:20px;--awb-sep-color:var(--awb-color2);border-color:var(--awb-color2);border-top-width:2px;\"><\/div><\/div><div class=\"fusion-text fusion-text-1\" style=\"--awb-text-color:var(--awb-color1);--awb-margin-top:2rem;\"><p style=\"text-align: center;\">Our restaurant can accommodate 105 guests, and during the warmer months, our terrace can host an additional 50 guests.<br \/>\nThanks to the movable walls of our conference rooms, they can collectively accommodate up to 250 people, making them ideal for larger business events, product presentations, family gatherings, and banquets. With our creative and exceptional dishes, experienced staff, modern technical equipment, and free WIFI, we are able to support the success of your events.<\/p>\n<\/div><\/div><\/div><\/div><\/div><div class=\"fusion-fullwidth fullwidth-box fusion-builder-row-3 fusion-flex-container has-pattern-background has-mask-background section-news nonhundred-percent-fullwidth non-hundred-percent-height-scrolling\" style=\"--awb-border-radius-top-left:0px;--awb-border-radius-top-right:0px;--awb-border-radius-bottom-right:0px;--awb-border-radius-bottom-left:0px;--awb-padding-top:4rem;--awb-padding-bottom:2rem;\" ><div class=\"fusion-builder-row fusion-row fusion-flex-align-items-flex-start\" style=\"max-width:1456px;margin-left: calc(-4% \/ 2 );margin-right: calc(-4% \/ 2 );\"><div class=\"fusion-layout-column fusion_builder_column fusion-builder-column-2 fusion_builder_column_1_1 1_1 fusion-flex-column\" style=\"--awb-bg-size:cover;--awb-width-large:100%;--awb-margin-top-large:0px;--awb-spacing-right-large:1.92%;--awb-margin-bottom-large:20px;--awb-spacing-left-large:1.92%;--awb-width-medium:100%;--awb-order-medium:0;--awb-spacing-right-medium:1.92%;--awb-spacing-left-medium:1.92%;--awb-width-small:100%;--awb-order-small:0;--awb-spacing-right-small:1.92%;--awb-spacing-left-small:1.92%;\"><div class=\"fusion-column-wrapper fusion-column-has-shadow fusion-flex-justify-content-flex-start fusion-content-layout-column\"><div class=\"fusion-blog-shortcode fusion-blog-shortcode-1 fusion-blog-archive fusion-blog-layout-grid-wrapper fusion-blog-pagination\" style=\"--awb-title-font-size:30px;--grid_separator_color:var(--awb-color4);\"><style type=\"text\/css\">.fusion-blog-shortcode-1 .fusion-blog-layout-grid .fusion-post-grid{padding:10px;}.fusion-blog-shortcode-1 .fusion-posts-container{margin-left: -10px !important; margin-right:-10px !important;}<\/style><div class=\"fusion-posts-container fusion-posts-container-pagination fusion-no-meta-info fusion-blog-layout-grid fusion-blog-layout-grid-3 isotope fusion-blog-equal-heights\" data-pages=\"1\" data-grid-col-space=\"20\" style=\"margin: -10px -10px 0;min-height:500px;\"><article id=\"blog-1-post-1834\" class=\"fusion-post-grid post-1834 post type-post status-publish format-standard has-post-thumbnail hentry category-rendezvenyhelyszin-en\">\n<div class=\"fusion-post-wrapper\" style=\"background-color:rgba(68,68,68,0);border:1px solid var(--awb-color4);border-bottom-width:3px;\">\n\n\t\t\t<div class=\"fusion-flexslider flexslider fusion-flexslider-loading fusion-post-slideshow\" style=\"border-color:var(--awb-color4);\">\n\t\t<ul class=\"slides\">\n\t\t\t\n\t\t\t\t\t\t\t\t\t\t\t\t\t\t<li><div  class=\"fusion-image-wrapper\" aria-haspopup=\"true\">\n\t\t\t\t\t\t\t<a href=\"https:\/\/novosquare.staging.introweb.hu\/en\/rendezvenyhelyszin-en\/lechner-lajos-konferencia-terem\/\" aria-label=\"Lechner Lajos Conference Room\">\n\t\t\t\t\t\t\t<img decoding=\"async\" width=\"1920\" height=\"1081\" src=\"https:\/\/novosquare.staging.introweb.hu\/wp-content\/uploads\/2024\/11\/Novotel_Szeged_2024-005_oldal-e1730820403223.jpg\" class=\"attachment-full size-full wp-post-image\" alt=\"\" srcset=\"https:\/\/novosquare.staging.introweb.hu\/wp-content\/uploads\/2024\/11\/Novotel_Szeged_2024-005_oldal-e1730820403223-200x113.jpg 200w, https:\/\/novosquare.staging.introweb.hu\/wp-content\/uploads\/2024\/11\/Novotel_Szeged_2024-005_oldal-e1730820403223-400x225.jpg 400w, https:\/\/novosquare.staging.introweb.hu\/wp-content\/uploads\/2024\/11\/Novotel_Szeged_2024-005_oldal-e1730820403223-600x338.jpg 600w, https:\/\/novosquare.staging.introweb.hu\/wp-content\/uploads\/2024\/11\/Novotel_Szeged_2024-005_oldal-e1730820403223-800x450.jpg 800w, https:\/\/novosquare.staging.introweb.hu\/wp-content\/uploads\/2024\/11\/Novotel_Szeged_2024-005_oldal-e1730820403223-1200x676.jpg 1200w, https:\/\/novosquare.staging.introweb.hu\/wp-content\/uploads\/2024\/11\/Novotel_Szeged_2024-005_oldal-e1730820403223.jpg 1920w\" sizes=\"(min-width: 2200px) 100vw, (min-width: 784px) 453px, (min-width: 712px) 680px, (min-width: 640px) 712px, \" \/>\t\t\t<\/a>\n\t\t\t\t\t\t\t<\/div>\n<\/li>\n\t\t\t\n\t\t\t\n\t\t\t\t\t\t\t\t\t\t\t\t\t\t\t\t\t\t\t\t\t\t\t\t\t\t\t\t\t\t\t\t\t\t\t\t\t\t\t\t\t\t\t\t\t\t\t\t\t\t\t\t\t\t\t\t\t\t\t\t\t\t\t\t\t\t\t\t<\/ul>\n\t<\/div>\n\t<div class=\"fusion-post-content-wrapper\" style=\"padding:30px 25px 25px 25px;\"><div class=\"fusion-post-content post-content\"><h4 class=\"blog-shortcode-post-title entry-title\"><a href=\"https:\/\/novosquare.staging.introweb.hu\/en\/rendezvenyhelyszin-en\/lechner-lajos-konferencia-terem\/\">Lechner Lajos Conference Room<\/a><\/h4><div class=\"fusion-post-content-container\"><p>Maximum capacity: 50 people<\/p><\/div><\/div><\/div><div class=\"fusion-clearfix\"><\/div><\/div>\n<\/article>\n<article id=\"blog-1-post-1842\" class=\"fusion-post-grid post-1842 post type-post status-publish format-standard has-post-thumbnail hentry category-rendezvenyhelyszin-en\">\n<div class=\"fusion-post-wrapper\" style=\"background-color:rgba(68,68,68,0);border:1px solid var(--awb-color4);border-bottom-width:3px;\">\n\n\t\t\t<div class=\"fusion-flexslider flexslider fusion-flexslider-loading fusion-post-slideshow\" style=\"border-color:var(--awb-color4);\">\n\t\t<ul class=\"slides\">\n\t\t\t\n\t\t\t\t\t\t\t\t\t\t\t\t\t\t<li><div  class=\"fusion-image-wrapper\" aria-haspopup=\"true\">\n\t\t\t\t\t\t\t<a href=\"https:\/\/novosquare.staging.introweb.hu\/en\/rendezvenyhelyszin-en\/tisza-lajos-konferencia-terem\/\" aria-label=\"Tisza Lajos Conference Room\">\n\t\t\t\t\t\t\t<img decoding=\"async\" width=\"1920\" height=\"1080\" src=\"https:\/\/novosquare.staging.introweb.hu\/wp-content\/uploads\/2024\/10\/rendezveny-01-min.jpg\" class=\"attachment-full size-full wp-post-image\" alt=\"\" srcset=\"https:\/\/novosquare.staging.introweb.hu\/wp-content\/uploads\/2024\/10\/rendezveny-01-min-200x113.jpg 200w, https:\/\/novosquare.staging.introweb.hu\/wp-content\/uploads\/2024\/10\/rendezveny-01-min-400x225.jpg 400w, https:\/\/novosquare.staging.introweb.hu\/wp-content\/uploads\/2024\/10\/rendezveny-01-min-600x338.jpg 600w, https:\/\/novosquare.staging.introweb.hu\/wp-content\/uploads\/2024\/10\/rendezveny-01-min-800x450.jpg 800w, https:\/\/novosquare.staging.introweb.hu\/wp-content\/uploads\/2024\/10\/rendezveny-01-min-1200x675.jpg 1200w, https:\/\/novosquare.staging.introweb.hu\/wp-content\/uploads\/2024\/10\/rendezveny-01-min.jpg 1920w\" sizes=\"(min-width: 2200px) 100vw, (min-width: 784px) 453px, (min-width: 712px) 680px, (min-width: 640px) 712px, \" \/>\t\t\t<\/a>\n\t\t\t\t\t\t\t<\/div>\n<\/li>\n\t\t\t\n\t\t\t\n\t\t\t\t\t\t\t\t\t\t\t\t\t\t\t\t\t\t\t\t\t\t\t\t\t\t\t\t\t\t\t\t\t\t\t\t\t\t\t\t\t\t\t\t\t\t\t\t\t\t\t\t\t\t\t\t\t\t\t\t\t\t\t\t\t\t\t\t<\/ul>\n\t<\/div>\n\t<div class=\"fusion-post-content-wrapper\" style=\"padding:30px 25px 25px 25px;\"><div class=\"fusion-post-content post-content\"><h4 class=\"blog-shortcode-post-title entry-title\"><a href=\"https:\/\/novosquare.staging.introweb.hu\/en\/rendezvenyhelyszin-en\/tisza-lajos-konferencia-terem\/\">Tisza Lajos Conference Room<\/a><\/h4><div class=\"fusion-post-content-container\"><p>Maximum capacity: 220 people<\/p><\/div><\/div><\/div><div class=\"fusion-clearfix\"><\/div><\/div>\n<\/article>\n<article id=\"blog-1-post-1859\" class=\"fusion-post-grid post-1859 post type-post status-publish format-standard has-post-thumbnail hentry category-rendezvenyhelyszin-en\">\n<div class=\"fusion-post-wrapper\" style=\"background-color:rgba(68,68,68,0);border:1px solid var(--awb-color4);border-bottom-width:3px;\">\n\n\t\t\t<div class=\"fusion-flexslider flexslider fusion-flexslider-loading fusion-post-slideshow\" style=\"border-color:var(--awb-color4);\">\n\t\t<ul class=\"slides\">\n\t\t\t\n\t\t\t\t\t\t\t\t\t\t\t\t\t\t<li><div  class=\"fusion-image-wrapper\" aria-haspopup=\"true\">\n\t\t\t\t\t\t\t<a href=\"https:\/\/novosquare.staging.introweb.hu\/en\/rendezvenyhelyszin-en\/rendezvenyhelyszin-1\/\" aria-label=\"Vedres Istv\u00e1n Conference Room\">\n\t\t\t\t\t\t\t<img decoding=\"async\" width=\"1920\" height=\"1081\" src=\"https:\/\/novosquare.staging.introweb.hu\/wp-content\/uploads\/2024\/10\/Novotel_Szeged_2024-008_oldal-e1730820778236.jpg\" class=\"attachment-full size-full wp-post-image\" alt=\"\" srcset=\"https:\/\/novosquare.staging.introweb.hu\/wp-content\/uploads\/2024\/10\/Novotel_Szeged_2024-008_oldal-e1730820778236-200x113.jpg 200w, https:\/\/novosquare.staging.introweb.hu\/wp-content\/uploads\/2024\/10\/Novotel_Szeged_2024-008_oldal-e1730820778236-400x225.jpg 400w, https:\/\/novosquare.staging.introweb.hu\/wp-content\/uploads\/2024\/10\/Novotel_Szeged_2024-008_oldal-e1730820778236-600x338.jpg 600w, https:\/\/novosquare.staging.introweb.hu\/wp-content\/uploads\/2024\/10\/Novotel_Szeged_2024-008_oldal-e1730820778236-800x450.jpg 800w, https:\/\/novosquare.staging.introweb.hu\/wp-content\/uploads\/2024\/10\/Novotel_Szeged_2024-008_oldal-e1730820778236-1200x676.jpg 1200w, https:\/\/novosquare.staging.introweb.hu\/wp-content\/uploads\/2024\/10\/Novotel_Szeged_2024-008_oldal-e1730820778236.jpg 1920w\" sizes=\"(min-width: 2200px) 100vw, (min-width: 784px) 453px, (min-width: 712px) 680px, (min-width: 640px) 712px, \" \/>\t\t\t<\/a>\n\t\t\t\t\t\t\t<\/div>\n<\/li>\n\t\t\t\n\t\t\t\n\t\t\t\t\t\t\t\t\t\t\t\t\t\t\t\t\t\t\t\t\t\t\t\t\t\t\t\t\t\t\t\t\t\t\t\t\t\t\t\t\t\t\t\t\t\t\t\t\t\t\t\t\t\t\t\t\t\t\t\t\t\t\t\t\t\t\t\t<\/ul>\n\t<\/div>\n\t<div class=\"fusion-post-content-wrapper\" style=\"padding:30px 25px 25px 25px;\"><div class=\"fusion-post-content post-content\"><h4 class=\"blog-shortcode-post-title entry-title\"><a href=\"https:\/\/novosquare.staging.introweb.hu\/en\/rendezvenyhelyszin-en\/rendezvenyhelyszin-1\/\">Vedres Istv\u00e1n Conference Room<\/a><\/h4><div class=\"fusion-post-content-container\"><p>Maximum capacity: 80 people<\/p><\/div><\/div><\/div><div class=\"fusion-clearfix\"><\/div><\/div>\n<\/article>\n<div class=\"fusion-clearfix\"><\/div><\/div><\/div><\/div><\/div><\/div><\/div><div class=\"fusion-fullwidth fullwidth-box fusion-builder-row-4 fusion-flex-container has-pattern-background has-mask-background section-gallery nonhundred-percent-fullwidth non-hundred-percent-height-scrolling\" style=\"--awb-border-radius-top-left:0px;--awb-border-radius-top-right:0px;--awb-border-radius-bottom-right:0px;--awb-border-radius-bottom-left:0px;--awb-padding-top:3rem;--awb-background-color:var(--awb-color4);\" ><div class=\"fusion-builder-row fusion-row fusion-flex-align-items-flex-start\" style=\"max-width:1456px;margin-left: calc(-4% \/ 2 );margin-right: calc(-4% \/ 2 );\"><div class=\"fusion-layout-column fusion_builder_column fusion-builder-column-3 fusion_builder_column_1_1 1_1 fusion-flex-column\" style=\"--awb-bg-color:var(--awb-color4);--awb-bg-color-hover:var(--awb-color4);--awb-bg-size:cover;--awb-width-large:100%;--awb-margin-top-large:0px;--awb-spacing-right-large:1.92%;--awb-margin-bottom-large:4rem;--awb-spacing-left-large:1.92%;--awb-width-medium:100%;--awb-order-medium:0;--awb-spacing-right-medium:1.92%;--awb-margin-bottom-medium:2rem;--awb-spacing-left-medium:1.92%;--awb-width-small:100%;--awb-order-small:0;--awb-spacing-right-small:1.92%;--awb-spacing-left-small:1.92%;\" data-motion-effects=\"[{&quot;type&quot;:&quot;&quot;,&quot;scroll_type&quot;:&quot;transition&quot;,&quot;scroll_direction&quot;:&quot;up&quot;,&quot;transition_speed&quot;:&quot;1&quot;,&quot;fade_type&quot;:&quot;in&quot;,&quot;scale_type&quot;:&quot;up&quot;,&quot;initial_scale&quot;:&quot;1&quot;,&quot;max_scale&quot;:&quot;1.5&quot;,&quot;min_scale&quot;:&quot;0.5&quot;,&quot;initial_rotate&quot;:&quot;0&quot;,&quot;end_rotate&quot;:&quot;30&quot;,&quot;initial_blur&quot;:&quot;0&quot;,&quot;end_blur&quot;:&quot;3&quot;,&quot;start_element&quot;:&quot;top&quot;,&quot;start_viewport&quot;:&quot;bottom&quot;,&quot;end_element&quot;:&quot;bottom&quot;,&quot;end_viewport&quot;:&quot;top&quot;,&quot;mouse_effect&quot;:&quot;track&quot;,&quot;mouse_effect_direction&quot;:&quot;opposite&quot;,&quot;mouse_effect_speed&quot;:&quot;2&quot;,&quot;infinite_animation&quot;:&quot;float&quot;,&quot;infinite_animation_speed&quot;:&quot;2&quot;}]\" data-scroll-devices=\"small-visibility,medium-visibility,large-visibility\"><div class=\"fusion-column-wrapper fusion-column-has-shadow fusion-flex-justify-content-flex-start fusion-content-layout-column\"><div class=\"fusion-title title fusion-title-4 fusion-sep-none fusion-title-center fusion-title-text fusion-title-size-four\" style=\"--awb-text-color:var(--awb-color1);\"><h4 class=\"title-heading-center\" style=\"margin:0;\">Why Choose NOVO Square Szeged?<\/h4><\/div><div class=\"fusion-text fusion-text-2\" style=\"--awb-text-color:var(--awb-color1);\"><p style=\"text-align: center;\">NOVO Square Szeged is an ideal location for both family events and conferences \u2013 we provide an excellent culinary experience, and we adjust the layout of the rooms and restaurant according to the guests&#8217; needs. NOVO Square Szeged is easily accessible, offers a pleasant view of the Tisza river, and with a short walk from the restaurant, you can reach the center of Szeged.<\/p>\n<\/div><div style=\"text-align:center;\"><a class=\"fusion-button button-flat fusion-button-default-size button-default fusion-button-default button-1 fusion-button-default-span fusion-button-default-type\" target=\"_self\" href=\"\/en\/rendezvenyhelyszinurlap\/\"><span class=\"fusion-button-text\">I would like to organize my event here!<\/span><\/a><\/div><\/div><\/div><\/div><\/div><\/p>\n","protected":false},"excerpt":{"rendered":"","protected":false},"author":1,"featured_media":0,"parent":0,"menu_order":0,"comment_status":"closed","ping_status":"closed","template":"100-width.php","meta":{"inline_featured_image":false,"footnotes":""},"class_list":["post-1631","page","type-page","status-publish","hentry"],"yoast_head":"<!-- This site is optimized with the Yoast SEO Premium plugin v23.9 (Yoast SEO v24.4) - https:\/\/yoast.com\/wordpress\/plugins\/seo\/ -->\n<title>Event Venues \/ Locations - NOVO Square Szeged<\/title>\n<meta name=\"description\" content=\"\u00c9tterm\u00fcnk \u00e9s konferenciatermeink kiv\u00e1l\u00f3ak csal\u00e1di \u00e9s c\u00e9ges esem\u00e9nyek megtart\u00e1s\u00e1ra. V\u00e1laszd a NOVO Square Szegedet esk\u00fcv\u0151d helysz\u00edn\u00e9nek\" \/>\n<meta name=\"robots\" content=\"noindex, follow, max-snippet:-1, max-image-preview:large, max-video-preview:-1\" \/>\n<meta property=\"og:locale\" content=\"en_US\" \/>\n<meta property=\"og:type\" content=\"article\" \/>\n<meta property=\"og:title\" content=\"Event Venues \/ Locations\" \/>\n<meta property=\"og:description\" content=\"\u00c9tterm\u00fcnk \u00e9s konferenciatermeink kiv\u00e1l\u00f3ak csal\u00e1di \u00e9s c\u00e9ges esem\u00e9nyek megtart\u00e1s\u00e1ra. V\u00e1laszd a NOVO Square Szegedet esk\u00fcv\u0151d helysz\u00edn\u00e9nek\" \/>\n<meta property=\"og:url\" content=\"https:\/\/novosquare.staging.introweb.hu\/en\/rendezvenyhelyszin\/\" \/>\n<meta property=\"og:site_name\" content=\"NOVO Square Szeged\" \/>\n<meta property=\"article:modified_time\" content=\"2025-02-27T13:36:35+00:00\" \/>\n<meta property=\"og:image\" content=\"https:\/\/novosquare.staging.introweb.hu\/wp-content\/uploads\/2024\/12\/og-image.jpg\" \/>\n\t<meta property=\"og:image:width\" content=\"1200\" \/>\n\t<meta property=\"og:image:height\" content=\"675\" \/>\n\t<meta property=\"og:image:type\" content=\"image\/jpeg\" \/>\n<meta name=\"twitter:card\" content=\"summary_large_image\" \/>\n<meta name=\"twitter:label1\" content=\"Est. reading time\" \/>\n\t<meta name=\"twitter:data1\" content=\"11 minutes\" \/>\n<script type=\"application\/ld+json\" class=\"yoast-schema-graph\">{\"@context\":\"https:\/\/schema.org\",\"@graph\":[{\"@type\":\"WebPage\",\"@id\":\"https:\/\/novosquare.staging.introweb.hu\/en\/rendezvenyhelyszin\/\",\"url\":\"https:\/\/novosquare.staging.introweb.hu\/en\/rendezvenyhelyszin\/\",\"name\":\"Event Venues \/ Locations - NOVO Square Szeged\",\"isPartOf\":{\"@id\":\"https:\/\/novosquare.staging.introweb.hu\/#website\"},\"datePublished\":\"2024-10-21T10:56:10+00:00\",\"dateModified\":\"2025-02-27T13:36:35+00:00\",\"description\":\"\u00c9tterm\u00fcnk \u00e9s konferenciatermeink kiv\u00e1l\u00f3ak csal\u00e1di \u00e9s c\u00e9ges esem\u00e9nyek megtart\u00e1s\u00e1ra. V\u00e1laszd a NOVO Square Szegedet esk\u00fcv\u0151d helysz\u00edn\u00e9nek\",\"breadcrumb\":{\"@id\":\"https:\/\/novosquare.staging.introweb.hu\/en\/rendezvenyhelyszin\/#breadcrumb\"},\"inLanguage\":\"en-US\",\"potentialAction\":[{\"@type\":\"ReadAction\",\"target\":[\"https:\/\/novosquare.staging.introweb.hu\/en\/rendezvenyhelyszin\/\"]}]},{\"@type\":\"BreadcrumbList\",\"@id\":\"https:\/\/novosquare.staging.introweb.hu\/en\/rendezvenyhelyszin\/#breadcrumb\",\"itemListElement\":[{\"@type\":\"ListItem\",\"position\":1,\"name\":\"Home\",\"item\":\"https:\/\/novosquare.staging.introweb.hu\/en\/\"},{\"@type\":\"ListItem\",\"position\":2,\"name\":\"Event Venues \/ Locations\"}]},{\"@type\":\"WebSite\",\"@id\":\"https:\/\/novosquare.staging.introweb.hu\/#website\",\"url\":\"https:\/\/novosquare.staging.introweb.hu\/\",\"name\":\"NOVO Square Szeged\",\"description\":\"\",\"potentialAction\":[{\"@type\":\"SearchAction\",\"target\":{\"@type\":\"EntryPoint\",\"urlTemplate\":\"https:\/\/novosquare.staging.introweb.hu\/?s={search_term_string}\"},\"query-input\":{\"@type\":\"PropertyValueSpecification\",\"valueRequired\":true,\"valueName\":\"search_term_string\"}}],\"inLanguage\":\"en-US\"}]}<\/script>\n<!-- \/ Yoast SEO Premium plugin. -->","yoast_head_json":{"title":"Event Venues \/ Locations - NOVO Square Szeged","description":"\u00c9tterm\u00fcnk \u00e9s konferenciatermeink kiv\u00e1l\u00f3ak csal\u00e1di \u00e9s c\u00e9ges esem\u00e9nyek megtart\u00e1s\u00e1ra. V\u00e1laszd a NOVO Square Szegedet esk\u00fcv\u0151d helysz\u00edn\u00e9nek","robots":{"index":"noindex","follow":"follow","max-snippet":"max-snippet:-1","max-image-preview":"max-image-preview:large","max-video-preview":"max-video-preview:-1"},"og_locale":"en_US","og_type":"article","og_title":"Event Venues \/ Locations","og_description":"\u00c9tterm\u00fcnk \u00e9s konferenciatermeink kiv\u00e1l\u00f3ak csal\u00e1di \u00e9s c\u00e9ges esem\u00e9nyek megtart\u00e1s\u00e1ra. V\u00e1laszd a NOVO Square Szegedet esk\u00fcv\u0151d helysz\u00edn\u00e9nek","og_url":"https:\/\/novosquare.staging.introweb.hu\/en\/rendezvenyhelyszin\/","og_site_name":"NOVO Square Szeged","article_modified_time":"2025-02-27T13:36:35+00:00","og_image":[{"width":1200,"height":675,"url":"https:\/\/novosquare.staging.introweb.hu\/wp-content\/uploads\/2024\/12\/og-image.jpg","type":"image\/jpeg"}],"twitter_card":"summary_large_image","twitter_misc":{"Est. reading time":"11 minutes"},"schema":{"@context":"https:\/\/schema.org","@graph":[{"@type":"WebPage","@id":"https:\/\/novosquare.staging.introweb.hu\/en\/rendezvenyhelyszin\/","url":"https:\/\/novosquare.staging.introweb.hu\/en\/rendezvenyhelyszin\/","name":"Event Venues \/ Locations - NOVO Square Szeged","isPartOf":{"@id":"https:\/\/novosquare.staging.introweb.hu\/#website"},"datePublished":"2024-10-21T10:56:10+00:00","dateModified":"2025-02-27T13:36:35+00:00","description":"\u00c9tterm\u00fcnk \u00e9s konferenciatermeink kiv\u00e1l\u00f3ak csal\u00e1di \u00e9s c\u00e9ges esem\u00e9nyek megtart\u00e1s\u00e1ra. V\u00e1laszd a NOVO Square Szegedet esk\u00fcv\u0151d helysz\u00edn\u00e9nek","breadcrumb":{"@id":"https:\/\/novosquare.staging.introweb.hu\/en\/rendezvenyhelyszin\/#breadcrumb"},"inLanguage":"en-US","potentialAction":[{"@type":"ReadAction","target":["https:\/\/novosquare.staging.introweb.hu\/en\/rendezvenyhelyszin\/"]}]},{"@type":"BreadcrumbList","@id":"https:\/\/novosquare.staging.introweb.hu\/en\/rendezvenyhelyszin\/#breadcrumb","itemListElement":[{"@type":"ListItem","position":1,"name":"Home","item":"https:\/\/novosquare.staging.introweb.hu\/en\/"},{"@type":"ListItem","position":2,"name":"Event Venues \/ Locations"}]},{"@type":"WebSite","@id":"https:\/\/novosquare.staging.introweb.hu\/#website","url":"https:\/\/novosquare.staging.introweb.hu\/","name":"NOVO Square Szeged","description":"","potentialAction":[{"@type":"SearchAction","target":{"@type":"EntryPoint","urlTemplate":"https:\/\/novosquare.staging.introweb.hu\/?s={search_term_string}"},"query-input":{"@type":"PropertyValueSpecification","valueRequired":true,"valueName":"search_term_string"}}],"inLanguage":"en-US"}]}},"_links":{"self":[{"href":"https:\/\/novosquare.staging.introweb.hu\/en\/wp-json\/wp\/v2\/pages\/1631","targetHints":{"allow":["GET"]}}],"collection":[{"href":"https:\/\/novosquare.staging.introweb.hu\/en\/wp-json\/wp\/v2\/pages"}],"about":[{"href":"https:\/\/novosquare.staging.introweb.hu\/en\/wp-json\/wp\/v2\/types\/page"}],"author":[{"embeddable":true,"href":"https:\/\/novosquare.staging.introweb.hu\/en\/wp-json\/wp\/v2\/users\/1"}],"replies":[{"embeddable":true,"href":"https:\/\/novosquare.staging.introweb.hu\/en\/wp-json\/wp\/v2\/comments?post=1631"}],"version-history":[{"count":8,"href":"https:\/\/novosquare.staging.introweb.hu\/en\/wp-json\/wp\/v2\/pages\/1631\/revisions"}],"predecessor-version":[{"id":1809,"href":"https:\/\/novosquare.staging.introweb.hu\/en\/wp-json\/wp\/v2\/pages\/1631\/revisions\/1809"}],"wp:attachment":[{"href":"https:\/\/novosquare.staging.introweb.hu\/en\/wp-json\/wp\/v2\/media?parent=1631"}],"curies":[{"name":"wp","href":"https:\/\/api.w.org\/{rel}","templated":true}]}}