{"id":1722,"date":"2024-11-05T09:25:48","date_gmt":"2024-11-05T08:25:48","guid":{"rendered":"https:\/\/novosquare.staging.introweb.hu\/hogyan-jutsz-el-hozzank\/"},"modified":"2025-02-27T09:53:44","modified_gmt":"2025-02-27T08:53:44","slug":"hogyan-jutsz-el-hozzank","status":"publish","type":"page","link":"https:\/\/novosquare.staging.introweb.hu\/en\/hogyan-jutsz-el-hozzank\/","title":{"rendered":"How to locate us"},"content":{"rendered":"<p><div class=\"fusion-fullwidth fullwidth-box fusion-builder-row-1 fusion-flex-container has-pattern-background has-mask-background section-seo nonhundred-percent-fullwidth non-hundred-percent-height-scrolling\" style=\"--awb-border-radius-top-left:0px;--awb-border-radius-top-right:0px;--awb-border-radius-bottom-right:0px;--awb-border-radius-bottom-left:0px;\" ><div class=\"fusion-builder-row fusion-row fusion-flex-align-items-flex-start\" style=\"max-width:1456px;margin-left: calc(-4% \/ 2 );margin-right: calc(-4% \/ 2 );\"><div class=\"fusion-layout-column fusion_builder_column fusion-builder-column-0 fusion_builder_column_1_1 1_1 fusion-flex-column\" style=\"--awb-bg-size:cover;--awb-width-large:100%;--awb-margin-top-large:0px;--awb-spacing-right-large:1.92%;--awb-margin-bottom-large:20px;--awb-spacing-left-large:1.92%;--awb-width-medium:100%;--awb-order-medium:0;--awb-spacing-right-medium:1.92%;--awb-spacing-left-medium:1.92%;--awb-width-small:100%;--awb-order-small:0;--awb-spacing-right-small:1.92%;--awb-spacing-left-small:1.92%;\"><div class=\"fusion-column-wrapper fusion-column-has-shadow fusion-flex-justify-content-flex-start fusion-content-layout-column\"><div class=\"fusion-title title fusion-title-1 fusion-sep-none fusion-title-text fusion-title-size-one\"><h1 class=\"title-heading-left\" style=\"margin:0;\">\u00cdgy juthatsz el a NOVO Square \u00e9tterembe<\/h1><\/div><div class=\"fusion-title title fusion-title-2 fusion-sep-none fusion-title-text fusion-title-size-two\"><h2 class=\"title-heading-left\" style=\"margin:0;\">\u00datmutat\u00f3 aut\u00f3s, t\u00f6megk\u00f6zleked\u00e9si \u00e9s gyalogos megk\u00f6zel\u00edt\u00e9shez<\/h2><\/div><\/div><\/div><\/div><\/div><div class=\"fusion-fullwidth fullwidth-box fusion-builder-row-2 fusion-flex-container has-pattern-background has-mask-background nonhundred-percent-fullwidth non-hundred-percent-height-scrolling\" style=\"--awb-border-radius-top-left:0px;--awb-border-radius-top-right:0px;--awb-border-radius-bottom-right:0px;--awb-border-radius-bottom-left:0px;--awb-padding-top:9.5rem;--awb-padding-top-medium:14.5rem;--awb-background-color:var(--awb-color4);\" ><div class=\"fusion-builder-row fusion-row fusion-flex-align-items-flex-start\" style=\"max-width:1456px;margin-left: calc(-4% \/ 2 );margin-right: calc(-4% \/ 2 );\"><div class=\"fusion-layout-column fusion_builder_column fusion-builder-column-1 fusion_builder_column_1_1 1_1 fusion-flex-column\" style=\"--awb-padding-top:2rem;--awb-padding-bottom:2rem;--awb-bg-size:cover;--awb-width-large:100%;--awb-margin-top-large:0px;--awb-spacing-right-large:1.92%;--awb-margin-bottom-large:0px;--awb-spacing-left-large:1.92%;--awb-width-medium:100%;--awb-order-medium:0;--awb-spacing-right-medium:1.92%;--awb-spacing-left-medium:1.92%;--awb-width-small:100%;--awb-order-small:0;--awb-spacing-right-small:1.92%;--awb-spacing-left-small:1.92%;\" data-motion-effects=\"[{&quot;type&quot;:&quot;&quot;,&quot;scroll_type&quot;:&quot;transition&quot;,&quot;scroll_direction&quot;:&quot;up&quot;,&quot;transition_speed&quot;:&quot;1&quot;,&quot;fade_type&quot;:&quot;in&quot;,&quot;scale_type&quot;:&quot;up&quot;,&quot;initial_scale&quot;:&quot;1&quot;,&quot;max_scale&quot;:&quot;1.5&quot;,&quot;min_scale&quot;:&quot;0.5&quot;,&quot;initial_rotate&quot;:&quot;0&quot;,&quot;end_rotate&quot;:&quot;30&quot;,&quot;initial_blur&quot;:&quot;0&quot;,&quot;end_blur&quot;:&quot;3&quot;,&quot;start_element&quot;:&quot;top&quot;,&quot;start_viewport&quot;:&quot;bottom&quot;,&quot;end_element&quot;:&quot;bottom&quot;,&quot;end_viewport&quot;:&quot;top&quot;,&quot;mouse_effect&quot;:&quot;track&quot;,&quot;mouse_effect_direction&quot;:&quot;opposite&quot;,&quot;mouse_effect_speed&quot;:&quot;2&quot;,&quot;infinite_animation&quot;:&quot;float&quot;,&quot;infinite_animation_speed&quot;:&quot;2&quot;}]\" data-scroll-devices=\"small-visibility,medium-visibility,large-visibility\"><div class=\"fusion-column-wrapper fusion-column-has-shadow fusion-flex-justify-content-flex-start fusion-content-layout-column\"><div class=\"fusion-title title fusion-title-3 fusion-sep-none fusion-title-center fusion-title-text fusion-title-size-three\" style=\"--awb-text-color:var(--awb-color1);\"><h3 class=\"title-heading-center\" style=\"margin:0;\">How to locate us<\/h3><\/div><div class=\"fusion-separator\" style=\"align-self: center;margin-left: auto;margin-right: auto;width:100%;max-width:60px;\"><div class=\"fusion-separator-border sep-single sep-solid\" style=\"--awb-height:20px;--awb-amount:20px;--awb-sep-color:var(--awb-color2);border-color:var(--awb-color2);border-top-width:2px;\"><\/div><\/div><\/div><\/div><\/div><\/div><div class=\"fusion-fullwidth fullwidth-box fusion-builder-row-3 fusion-flex-container has-pattern-background has-mask-background fusion-parallax-none section-gethere nonhundred-percent-fullwidth non-hundred-percent-height-scrolling\" style=\"--awb-border-radius-top-left:0px;--awb-border-radius-top-right:0px;--awb-border-radius-bottom-right:0px;--awb-border-radius-bottom-left:0px;--awb-padding-top:16rem;--awb-padding-bottom:16rem;--awb-background-color:var(--awb-color1);--awb-background-image:url(&quot;https:\/\/novosquare.staging.introweb.hu\/wp-content\/uploads\/2024\/11\/Novotel_Szeged-034_web-scaled.jpg&quot;);--awb-background-size:cover;\" ><div class=\"fusion-builder-row fusion-row fusion-flex-align-items-flex-start\" style=\"max-width:1456px;margin-left: calc(-4% \/ 2 );margin-right: calc(-4% \/ 2 );\"><div class=\"fusion-layout-column fusion_builder_column fusion-builder-column-2 fusion_builder_column_1_1 1_1 fusion-flex-column\" style=\"--awb-bg-size:cover;--awb-border-color:var(--awb-color1);--awb-border-style:solid;--awb-width-large:100%;--awb-margin-top-large:0px;--awb-spacing-right-large:1.92%;--awb-margin-bottom-large:20px;--awb-spacing-left-large:1.92%;--awb-width-medium:100%;--awb-order-medium:0;--awb-spacing-right-medium:1.92%;--awb-spacing-left-medium:1.92%;--awb-width-small:100%;--awb-order-small:0;--awb-spacing-right-small:1.92%;--awb-spacing-left-small:1.92%;\" data-motion-effects=\"[{&quot;type&quot;:&quot;&quot;,&quot;scroll_type&quot;:&quot;transition&quot;,&quot;scroll_direction&quot;:&quot;up&quot;,&quot;transition_speed&quot;:&quot;1&quot;,&quot;fade_type&quot;:&quot;in&quot;,&quot;scale_type&quot;:&quot;up&quot;,&quot;initial_scale&quot;:&quot;1&quot;,&quot;max_scale&quot;:&quot;1.5&quot;,&quot;min_scale&quot;:&quot;0.5&quot;,&quot;initial_rotate&quot;:&quot;0&quot;,&quot;end_rotate&quot;:&quot;30&quot;,&quot;initial_blur&quot;:&quot;0&quot;,&quot;end_blur&quot;:&quot;3&quot;,&quot;start_element&quot;:&quot;top&quot;,&quot;start_viewport&quot;:&quot;bottom&quot;,&quot;end_element&quot;:&quot;bottom&quot;,&quot;end_viewport&quot;:&quot;top&quot;,&quot;mouse_effect&quot;:&quot;track&quot;,&quot;mouse_effect_direction&quot;:&quot;opposite&quot;,&quot;mouse_effect_speed&quot;:&quot;2&quot;,&quot;infinite_animation&quot;:&quot;float&quot;,&quot;infinite_animation_speed&quot;:&quot;2&quot;}]\" data-scroll-devices=\"small-visibility,medium-visibility,large-visibility\"><div class=\"fusion-column-wrapper fusion-column-has-shadow fusion-flex-justify-content-flex-start fusion-content-layout-column\"><div class=\"fusion-title title fusion-title-4 fusion-sep-none fusion-title-center fusion-title-text fusion-title-size-three\" style=\"--awb-text-color:var(--awb-color1);--awb-sep-color:var(--awb-color1);--awb-font-size:24px;\"><h3 class=\"title-heading-center\" style=\"margin:0;font-size:1em;\">V\u00e1lasszd a NOVO Square Szegedet!<\/h3><\/div><\/div><\/div><\/div><\/div><div class=\"fusion-fullwidth fullwidth-box fusion-builder-row-4 fusion-flex-container has-pattern-background has-mask-background section-news nonhundred-percent-fullwidth non-hundred-percent-height-scrolling\" style=\"--awb-border-radius-top-left:0px;--awb-border-radius-top-right:0px;--awb-border-radius-bottom-right:0px;--awb-border-radius-bottom-left:0px;--awb-padding-top:4rem;--awb-padding-bottom:2rem;--awb-background-color:var(--awb-color2);\" ><div class=\"fusion-builder-row fusion-row fusion-flex-align-items-flex-start\" style=\"max-width:1456px;margin-left: calc(-4% \/ 2 );margin-right: calc(-4% \/ 2 );\"><div class=\"fusion-layout-column fusion_builder_column fusion-builder-column-3 fusion_builder_column_2_3 2_3 fusion-flex-column\" style=\"--awb-padding-top:4rem;--awb-padding-right:2rem;--awb-padding-bottom:4rem;--awb-padding-left:2rem;--awb-bg-color:var(--awb-color4);--awb-bg-color-hover:var(--awb-color4);--awb-bg-size:cover;--awb-width-large:66.666666666667%;--awb-margin-top-large:0px;--awb-spacing-right-large:2.88%;--awb-margin-bottom-large:20px;--awb-spacing-left-large:2.88%;--awb-width-medium:66.666666666667%;--awb-order-medium:0;--awb-spacing-right-medium:2.88%;--awb-spacing-left-medium:2.88%;--awb-width-small:100%;--awb-order-small:0;--awb-spacing-right-small:1.92%;--awb-spacing-left-small:1.92%;\" data-motion-effects=\"[{&quot;type&quot;:&quot;&quot;,&quot;scroll_type&quot;:&quot;transition&quot;,&quot;scroll_direction&quot;:&quot;up&quot;,&quot;transition_speed&quot;:&quot;1&quot;,&quot;fade_type&quot;:&quot;in&quot;,&quot;scale_type&quot;:&quot;up&quot;,&quot;initial_scale&quot;:&quot;1&quot;,&quot;max_scale&quot;:&quot;1.5&quot;,&quot;min_scale&quot;:&quot;0.5&quot;,&quot;initial_rotate&quot;:&quot;0&quot;,&quot;end_rotate&quot;:&quot;30&quot;,&quot;initial_blur&quot;:&quot;0&quot;,&quot;end_blur&quot;:&quot;3&quot;,&quot;start_element&quot;:&quot;top&quot;,&quot;start_viewport&quot;:&quot;bottom&quot;,&quot;end_element&quot;:&quot;bottom&quot;,&quot;end_viewport&quot;:&quot;top&quot;,&quot;mouse_effect&quot;:&quot;track&quot;,&quot;mouse_effect_direction&quot;:&quot;opposite&quot;,&quot;mouse_effect_speed&quot;:&quot;2&quot;,&quot;infinite_animation&quot;:&quot;float&quot;,&quot;infinite_animation_speed&quot;:&quot;2&quot;}]\" data-scroll-devices=\"small-visibility,medium-visibility,large-visibility\"><div class=\"fusion-column-wrapper fusion-column-has-shadow fusion-flex-justify-content-flex-start fusion-content-layout-column\"><div class=\"fusion-title title fusion-title-5 fusion-sep-none fusion-title-text fusion-title-size-five\" style=\"--awb-text-color:var(--awb-color1);\"><h5 class=\"title-heading-left\" style=\"margin:0;\"><p style=\"text-align: center;\">Szeged Tisza-partj\u00e1hoz k\u00f6zel, a Novotel Szeged \u00e9p\u00fclet\u00e9be bel\u00e9pve a NOVO Square azonnal szem\u00fcnk el\u00e9 t\u00e1rul.<\/p><\/h5><\/div><div class=\"fusion-separator\" style=\"align-self: center;margin-left: auto;margin-right: auto;margin-bottom:10px;width:100%;max-width:200px;\"><div class=\"fusion-separator-border sep-single sep-solid\" style=\"--awb-height:20px;--awb-amount:20px;--awb-sep-color:var(--awb-color2);border-color:var(--awb-color2);border-top-width:2px;\"><\/div><\/div><div class=\"fusion-text fusion-text-1\" style=\"--awb-text-color:var(--awb-color2);\"><p><span style=\"font-weight: 400;\">A v\u00e1rosk\u00f6zpontt\u00f3l <\/span><span style=\"font-weight: 400;\">500 m\u00e9terre tal\u00e1lhat\u00f3 hotelunk \u00e9s \u00e9tterm\u00fcnk, amely 10 perces s\u00e9t\u00e1t jelent Szeged legszebb k\u00f6rny\u00e9kein. A<\/span><span style=\"font-weight: 400;\"> szegedi p\u00e1lyaudvart\u00f3l\u00a0<\/span><span style=\"font-weight: 400;\">10 perc aut\u00f3val, k\u00f6zel f\u00e9l \u00f3ra t\u00f6megk\u00f6zleked\u00e9ssel lehet a NOVO Square-t megk\u00f6zel\u00edteni.<\/span><\/p>\n<p>A k\u00f6rnyez\u0151 utc\u00e1kban illetve a Tisza-parton van lehet\u0151s\u00e9g az \u00e9tterem vend\u00e9geinek sz\u00e1m\u00e1ra parkol\u00e1sra, a parkol\u00e1si d\u00edjak k\u00f6rzetf\u00fcgg\u0151ek. Recepci\u00f3nkon sz\u00edvesen seg\u00edtenek munkat\u00e1rsaink.<\/p>\n<p><strong>Foglaljatok helyet gal\u00e9ri\u00e1nkon, vagy a meleg h\u00f3napokon a teraszunkon. \u00c9tterm\u00fcnk szeretettel v\u00e1rja rendel\u00e9seiket \u00e9s k\u00e9r\u00e9seiket.<\/strong><\/p>\n<\/div><div style=\"text-align:center;\"><a class=\"fusion-button button-flat fusion-button-default-size button-default fusion-button-default button-1 fusion-button-default-span fusion-button-default-type\" style=\"--button_padding-top:10px;\" target=\"_self\" href=\"https:\/\/maps.app.goo.gl\/4bcuQLjNzTZmgzVT9\"><span class=\"fusion-button-text\">NAVIG\u00c1CI\u00d3<\/span><\/a><\/div><\/div><\/div><div class=\"fusion-layout-column fusion_builder_column fusion-builder-column-4 fusion_builder_column_1_3 1_3 fusion-flex-column\" style=\"--awb-bg-size:cover;--awb-width-large:33.333333333333%;--awb-margin-top-large:0px;--awb-spacing-right-large:5.76%;--awb-margin-bottom-large:20px;--awb-spacing-left-large:5.76%;--awb-width-medium:33.333333333333%;--awb-order-medium:0;--awb-spacing-right-medium:5.76%;--awb-spacing-left-medium:5.76%;--awb-width-small:100%;--awb-order-small:0;--awb-spacing-right-small:1.92%;--awb-spacing-left-small:1.92%;\" data-motion-effects=\"[{&quot;type&quot;:&quot;&quot;,&quot;scroll_type&quot;:&quot;transition&quot;,&quot;scroll_direction&quot;:&quot;up&quot;,&quot;transition_speed&quot;:&quot;1&quot;,&quot;fade_type&quot;:&quot;in&quot;,&quot;scale_type&quot;:&quot;up&quot;,&quot;initial_scale&quot;:&quot;1&quot;,&quot;max_scale&quot;:&quot;1.5&quot;,&quot;min_scale&quot;:&quot;0.5&quot;,&quot;initial_rotate&quot;:&quot;0&quot;,&quot;end_rotate&quot;:&quot;30&quot;,&quot;initial_blur&quot;:&quot;0&quot;,&quot;end_blur&quot;:&quot;3&quot;,&quot;start_element&quot;:&quot;top&quot;,&quot;start_viewport&quot;:&quot;bottom&quot;,&quot;end_element&quot;:&quot;bottom&quot;,&quot;end_viewport&quot;:&quot;top&quot;,&quot;mouse_effect&quot;:&quot;track&quot;,&quot;mouse_effect_direction&quot;:&quot;opposite&quot;,&quot;mouse_effect_speed&quot;:&quot;2&quot;,&quot;infinite_animation&quot;:&quot;float&quot;,&quot;infinite_animation_speed&quot;:&quot;2&quot;}]\" data-scroll-devices=\"small-visibility,medium-visibility,large-visibility\"><div class=\"fusion-column-wrapper fusion-column-has-shadow fusion-flex-justify-content-flex-start fusion-content-layout-column\"><div class=\"fusion-image-element \" style=\"--awb-caption-title-font-family:var(--h2_typography-font-family);--awb-caption-title-font-weight:var(--h2_typography-font-weight);--awb-caption-title-font-style:var(--h2_typography-font-style);--awb-caption-title-size:var(--h2_typography-font-size);--awb-caption-title-transform:var(--h2_typography-text-transform);--awb-caption-title-line-height:var(--h2_typography-line-height);--awb-caption-title-letter-spacing:var(--h2_typography-letter-spacing);\"><span class=\" fusion-imageframe imageframe-none imageframe-1 hover-type-none\" class=\"image-magnify\" class=\"image-scroll\"><img decoding=\"async\" width=\"1240\" height=\"1860\" title=\"Novotel_Szeged 2024-070_web\" src=\"https:\/\/novosquare.staging.introweb.hu\/wp-content\/uploads\/2024\/11\/Novotel_Szeged-2024-070_web.jpg\" alt class=\"img-responsive wp-image-1727\" srcset=\"https:\/\/novosquare.staging.introweb.hu\/wp-content\/uploads\/2024\/11\/Novotel_Szeged-2024-070_web-200x300.jpg 200w, https:\/\/novosquare.staging.introweb.hu\/wp-content\/uploads\/2024\/11\/Novotel_Szeged-2024-070_web-400x600.jpg 400w, https:\/\/novosquare.staging.introweb.hu\/wp-content\/uploads\/2024\/11\/Novotel_Szeged-2024-070_web-600x900.jpg 600w, https:\/\/novosquare.staging.introweb.hu\/wp-content\/uploads\/2024\/11\/Novotel_Szeged-2024-070_web-800x1200.jpg 800w, https:\/\/novosquare.staging.introweb.hu\/wp-content\/uploads\/2024\/11\/Novotel_Szeged-2024-070_web-1200x1800.jpg 1200w, https:\/\/novosquare.staging.introweb.hu\/wp-content\/uploads\/2024\/11\/Novotel_Szeged-2024-070_web.jpg 1240w\" sizes=\"(max-width: 768px) 100vw, 600px\" \/><\/span><\/div><\/div><\/div><\/div><\/div><\/p>\n","protected":false},"excerpt":{"rendered":"","protected":false},"author":1,"featured_media":0,"parent":0,"menu_order":0,"comment_status":"closed","ping_status":"closed","template":"100-width.php","meta":{"inline_featured_image":false,"footnotes":""},"class_list":["post-1722","page","type-page","status-publish","hentry"],"yoast_head":"<!-- This site is optimized with the Yoast SEO Premium plugin v23.9 (Yoast SEO v24.4) - https:\/\/yoast.com\/wordpress\/plugins\/seo\/ -->\n<title>How to locate us - NOVO Square Szeged<\/title>\n<meta name=\"description\" content=\"K\u00f6nnyed\u00e9n el\u00e9rhet minket Szeged sz\u00edv\u00e9ben! Tudja meg, hogyan juthat el a Tisza-parti NOVO Square \u00e9tterembe aut\u00f3val, t\u00f6megk\u00f6zleked\u00e9ssel vagy gyalog.\" \/>\n<meta name=\"robots\" content=\"noindex, follow, max-snippet:-1, max-image-preview:large, max-video-preview:-1\" \/>\n<meta property=\"og:locale\" content=\"en_US\" \/>\n<meta property=\"og:type\" content=\"article\" \/>\n<meta property=\"og:title\" content=\"How to locate us\" \/>\n<meta property=\"og:description\" content=\"K\u00f6nnyed\u00e9n el\u00e9rhet minket Szeged sz\u00edv\u00e9ben! Tudja meg, hogyan juthat el a Tisza-parti NOVO Square \u00e9tterembe aut\u00f3val, t\u00f6megk\u00f6zleked\u00e9ssel vagy gyalog.\" \/>\n<meta property=\"og:url\" content=\"https:\/\/novosquare.staging.introweb.hu\/en\/hogyan-jutsz-el-hozzank\/\" \/>\n<meta property=\"og:site_name\" content=\"NOVO Square Szeged\" \/>\n<meta property=\"article:modified_time\" content=\"2025-02-27T08:53:44+00:00\" \/>\n<meta property=\"og:image\" content=\"https:\/\/novosquare.staging.introweb.hu\/wp-content\/uploads\/2024\/12\/og-image.jpg\" \/>\n\t<meta property=\"og:image:width\" content=\"1200\" \/>\n\t<meta property=\"og:image:height\" content=\"675\" \/>\n\t<meta property=\"og:image:type\" content=\"image\/jpeg\" \/>\n<meta name=\"twitter:card\" content=\"summary_large_image\" \/>\n<meta name=\"twitter:label1\" content=\"Est. reading time\" \/>\n\t<meta name=\"twitter:data1\" content=\"12 minutes\" \/>\n<script type=\"application\/ld+json\" class=\"yoast-schema-graph\">{\"@context\":\"https:\/\/schema.org\",\"@graph\":[{\"@type\":\"WebPage\",\"@id\":\"https:\/\/novosquare.staging.introweb.hu\/en\/hogyan-jutsz-el-hozzank\/\",\"url\":\"https:\/\/novosquare.staging.introweb.hu\/en\/hogyan-jutsz-el-hozzank\/\",\"name\":\"How to locate us - NOVO Square Szeged\",\"isPartOf\":{\"@id\":\"https:\/\/novosquare.staging.introweb.hu\/#website\"},\"datePublished\":\"2024-11-05T08:25:48+00:00\",\"dateModified\":\"2025-02-27T08:53:44+00:00\",\"description\":\"K\u00f6nnyed\u00e9n el\u00e9rhet minket Szeged sz\u00edv\u00e9ben! Tudja meg, hogyan juthat el a Tisza-parti NOVO Square \u00e9tterembe aut\u00f3val, t\u00f6megk\u00f6zleked\u00e9ssel vagy gyalog.\",\"breadcrumb\":{\"@id\":\"https:\/\/novosquare.staging.introweb.hu\/en\/hogyan-jutsz-el-hozzank\/#breadcrumb\"},\"inLanguage\":\"en-US\",\"potentialAction\":[{\"@type\":\"ReadAction\",\"target\":[\"https:\/\/novosquare.staging.introweb.hu\/en\/hogyan-jutsz-el-hozzank\/\"]}]},{\"@type\":\"BreadcrumbList\",\"@id\":\"https:\/\/novosquare.staging.introweb.hu\/en\/hogyan-jutsz-el-hozzank\/#breadcrumb\",\"itemListElement\":[{\"@type\":\"ListItem\",\"position\":1,\"name\":\"Home\",\"item\":\"https:\/\/novosquare.staging.introweb.hu\/en\/\"},{\"@type\":\"ListItem\",\"position\":2,\"name\":\"How to locate us\"}]},{\"@type\":\"WebSite\",\"@id\":\"https:\/\/novosquare.staging.introweb.hu\/#website\",\"url\":\"https:\/\/novosquare.staging.introweb.hu\/\",\"name\":\"NOVO Square Szeged\",\"description\":\"\",\"potentialAction\":[{\"@type\":\"SearchAction\",\"target\":{\"@type\":\"EntryPoint\",\"urlTemplate\":\"https:\/\/novosquare.staging.introweb.hu\/?s={search_term_string}\"},\"query-input\":{\"@type\":\"PropertyValueSpecification\",\"valueRequired\":true,\"valueName\":\"search_term_string\"}}],\"inLanguage\":\"en-US\"}]}<\/script>\n<!-- \/ Yoast SEO Premium plugin. -->","yoast_head_json":{"title":"How to locate us - NOVO Square Szeged","description":"K\u00f6nnyed\u00e9n el\u00e9rhet minket Szeged sz\u00edv\u00e9ben! Tudja meg, hogyan juthat el a Tisza-parti NOVO Square \u00e9tterembe aut\u00f3val, t\u00f6megk\u00f6zleked\u00e9ssel vagy gyalog.","robots":{"index":"noindex","follow":"follow","max-snippet":"max-snippet:-1","max-image-preview":"max-image-preview:large","max-video-preview":"max-video-preview:-1"},"og_locale":"en_US","og_type":"article","og_title":"How to locate us","og_description":"K\u00f6nnyed\u00e9n el\u00e9rhet minket Szeged sz\u00edv\u00e9ben! Tudja meg, hogyan juthat el a Tisza-parti NOVO Square \u00e9tterembe aut\u00f3val, t\u00f6megk\u00f6zleked\u00e9ssel vagy gyalog.","og_url":"https:\/\/novosquare.staging.introweb.hu\/en\/hogyan-jutsz-el-hozzank\/","og_site_name":"NOVO Square Szeged","article_modified_time":"2025-02-27T08:53:44+00:00","og_image":[{"width":1200,"height":675,"url":"https:\/\/novosquare.staging.introweb.hu\/wp-content\/uploads\/2024\/12\/og-image.jpg","type":"image\/jpeg"}],"twitter_card":"summary_large_image","twitter_misc":{"Est. reading time":"12 minutes"},"schema":{"@context":"https:\/\/schema.org","@graph":[{"@type":"WebPage","@id":"https:\/\/novosquare.staging.introweb.hu\/en\/hogyan-jutsz-el-hozzank\/","url":"https:\/\/novosquare.staging.introweb.hu\/en\/hogyan-jutsz-el-hozzank\/","name":"How to locate us - NOVO Square Szeged","isPartOf":{"@id":"https:\/\/novosquare.staging.introweb.hu\/#website"},"datePublished":"2024-11-05T08:25:48+00:00","dateModified":"2025-02-27T08:53:44+00:00","description":"K\u00f6nnyed\u00e9n el\u00e9rhet minket Szeged sz\u00edv\u00e9ben! Tudja meg, hogyan juthat el a Tisza-parti NOVO Square \u00e9tterembe aut\u00f3val, t\u00f6megk\u00f6zleked\u00e9ssel vagy gyalog.","breadcrumb":{"@id":"https:\/\/novosquare.staging.introweb.hu\/en\/hogyan-jutsz-el-hozzank\/#breadcrumb"},"inLanguage":"en-US","potentialAction":[{"@type":"ReadAction","target":["https:\/\/novosquare.staging.introweb.hu\/en\/hogyan-jutsz-el-hozzank\/"]}]},{"@type":"BreadcrumbList","@id":"https:\/\/novosquare.staging.introweb.hu\/en\/hogyan-jutsz-el-hozzank\/#breadcrumb","itemListElement":[{"@type":"ListItem","position":1,"name":"Home","item":"https:\/\/novosquare.staging.introweb.hu\/en\/"},{"@type":"ListItem","position":2,"name":"How to locate us"}]},{"@type":"WebSite","@id":"https:\/\/novosquare.staging.introweb.hu\/#website","url":"https:\/\/novosquare.staging.introweb.hu\/","name":"NOVO Square Szeged","description":"","potentialAction":[{"@type":"SearchAction","target":{"@type":"EntryPoint","urlTemplate":"https:\/\/novosquare.staging.introweb.hu\/?s={search_term_string}"},"query-input":{"@type":"PropertyValueSpecification","valueRequired":true,"valueName":"search_term_string"}}],"inLanguage":"en-US"}]}},"_links":{"self":[{"href":"https:\/\/novosquare.staging.introweb.hu\/en\/wp-json\/wp\/v2\/pages\/1722","targetHints":{"allow":["GET"]}}],"collection":[{"href":"https:\/\/novosquare.staging.introweb.hu\/en\/wp-json\/wp\/v2\/pages"}],"about":[{"href":"https:\/\/novosquare.staging.introweb.hu\/en\/wp-json\/wp\/v2\/types\/page"}],"author":[{"embeddable":true,"href":"https:\/\/novosquare.staging.introweb.hu\/en\/wp-json\/wp\/v2\/users\/1"}],"replies":[{"embeddable":true,"href":"https:\/\/novosquare.staging.introweb.hu\/en\/wp-json\/wp\/v2\/comments?post=1722"}],"version-history":[{"count":1,"href":"https:\/\/novosquare.staging.introweb.hu\/en\/wp-json\/wp\/v2\/pages\/1722\/revisions"}],"predecessor-version":[{"id":1728,"href":"https:\/\/novosquare.staging.introweb.hu\/en\/wp-json\/wp\/v2\/pages\/1722\/revisions\/1728"}],"wp:attachment":[{"href":"https:\/\/novosquare.staging.introweb.hu\/en\/wp-json\/wp\/v2\/media?parent=1722"}],"curies":[{"name":"wp","href":"https:\/\/api.w.org\/{rel}","templated":true}]}}